{"id":5,"date":"2015-07-07T13:39:09","date_gmt":"2015-07-07T13:39:09","guid":{"rendered":"http:\/\/farmacies.ecoceutics.com\/?page_id=5"},"modified":"2021-09-22T11:14:19","modified_gmt":"2021-09-22T11:14:19","slug":"home","status":"publish","type":"page","link":"https:\/\/www.farmaciavila.com\/es\/","title":{"rendered":"Home"},"content":{"rendered":"<p>[vc_row has_content=\u00bbtrue\u00bb css=\u00bb.vc_custom_1436281408427{margin-top: -60px !important;margin-bottom: 0px !important;}\u00bb][vc_column width=\u00bb1\/1&#8243;][rev_slider_vc alias=\u00bbslider-ecoceutics-farmacies\u00bb][\/vc_column][\/vc_row][vc_row has_content=\u00bbinside\u00bb id=\u00bbbanners\u00bb css=\u00bb.vc_custom_1632304688470{background-image: url(http:\/\/www.farmaciavila.com\/es\/wp-content\/uploads\/sites\/10\/2015\/07\/FONS-BLANC.jpg?id=590) !important;}\u00bb][vc_column width=\u00bb1\/3&#8243;][vc_column_text]<a href=\"http:\/\/www.farmaciavila.com\/es\/contactar\/\"><img loading=\"lazy\" decoding=\"async\" class=\"alignnone size-full wp-image-571\" src=\"http:\/\/www.farmaciavila.com\/es\/wp-content\/uploads\/sites\/10\/2015\/07\/Men\u00fas-home-esp-07.jpg\" alt=\"Men\u00fas home esp-07\" width=\"3000\" height=\"2233\" srcset=\"https:\/\/www.farmaciavila.com\/es\/wp-content\/uploads\/sites\/10\/2015\/07\/Men\u00fas-home-esp-07.jpg 3000w, https:\/\/www.farmaciavila.com\/es\/wp-content\/uploads\/sites\/10\/2015\/07\/Men\u00fas-home-esp-07-300x223.jpg 300w, https:\/\/www.farmaciavila.com\/es\/wp-content\/uploads\/sites\/10\/2015\/07\/Men\u00fas-home-esp-07-1024x762.jpg 1024w, https:\/\/www.farmaciavila.com\/es\/wp-content\/uploads\/sites\/10\/2015\/07\/Men\u00fas-home-esp-07-370x275.jpg 370w, https:\/\/www.farmaciavila.com\/es\/wp-content\/uploads\/sites\/10\/2015\/07\/Men\u00fas-home-esp-07-1200x893.jpg 1200w, https:\/\/www.farmaciavila.com\/es\/wp-content\/uploads\/sites\/10\/2015\/07\/Men\u00fas-home-esp-07-360x267.jpg 360w\" sizes=\"auto, (max-width: 3000px) 100vw, 3000px\" \/><\/a><a href=\"http:\/\/www.farmaciavila.com\/es\/actividades\/\"><img loading=\"lazy\" decoding=\"async\" class=\"alignnone wp-image-572 size-full\" src=\"http:\/\/www.farmaciavila.com\/es\/wp-content\/uploads\/sites\/10\/2015\/07\/Men\u00fas-home-esp-10.jpg\" alt=\"Men\u00fas home esp-10\" width=\"3000\" height=\"2233\" srcset=\"https:\/\/www.farmaciavila.com\/es\/wp-content\/uploads\/sites\/10\/2015\/07\/Men\u00fas-home-esp-10.jpg 3000w, https:\/\/www.farmaciavila.com\/es\/wp-content\/uploads\/sites\/10\/2015\/07\/Men\u00fas-home-esp-10-300x223.jpg 300w, https:\/\/www.farmaciavila.com\/es\/wp-content\/uploads\/sites\/10\/2015\/07\/Men\u00fas-home-esp-10-1024x762.jpg 1024w, https:\/\/www.farmaciavila.com\/es\/wp-content\/uploads\/sites\/10\/2015\/07\/Men\u00fas-home-esp-10-370x275.jpg 370w, https:\/\/www.farmaciavila.com\/es\/wp-content\/uploads\/sites\/10\/2015\/07\/Men\u00fas-home-esp-10-1200x893.jpg 1200w, https:\/\/www.farmaciavila.com\/es\/wp-content\/uploads\/sites\/10\/2015\/07\/Men\u00fas-home-esp-10-360x267.jpg 360w\" sizes=\"auto, (max-width: 3000px) 100vw, 3000px\" \/><\/a>[\/vc_column_text][\/vc_column][vc_column width=\u00bb1\/3&#8243;][vc_column_text]<a href=\"http:\/\/www.farmaciavila.com\/es\/encargos-24-horas\/\"><img loading=\"lazy\" decoding=\"async\" class=\"alignnone size-full wp-image-573\" src=\"http:\/\/www.farmaciavila.com\/es\/wp-content\/uploads\/sites\/10\/2015\/07\/Men\u00fas-home-esp-08.jpg\" alt=\"Men\u00fas home esp-08\" width=\"3000\" height=\"2233\" srcset=\"https:\/\/www.farmaciavila.com\/es\/wp-content\/uploads\/sites\/10\/2015\/07\/Men\u00fas-home-esp-08.jpg 3000w, https:\/\/www.farmaciavila.com\/es\/wp-content\/uploads\/sites\/10\/2015\/07\/Men\u00fas-home-esp-08-300x223.jpg 300w, https:\/\/www.farmaciavila.com\/es\/wp-content\/uploads\/sites\/10\/2015\/07\/Men\u00fas-home-esp-08-1024x762.jpg 1024w, https:\/\/www.farmaciavila.com\/es\/wp-content\/uploads\/sites\/10\/2015\/07\/Men\u00fas-home-esp-08-370x275.jpg 370w, https:\/\/www.farmaciavila.com\/es\/wp-content\/uploads\/sites\/10\/2015\/07\/Men\u00fas-home-esp-08-1200x893.jpg 1200w, https:\/\/www.farmaciavila.com\/es\/wp-content\/uploads\/sites\/10\/2015\/07\/Men\u00fas-home-esp-08-360x267.jpg 360w\" sizes=\"auto, (max-width: 3000px) 100vw, 3000px\" \/><\/a><a href=\"https:\/\/www.ecoceutics.com\/tarjeta-cliente-farmacia-ecoceutics\/\"><img loading=\"lazy\" decoding=\"async\" class=\"alignnone size-full wp-image-574\" src=\"http:\/\/www.farmaciavila.com\/es\/wp-content\/uploads\/sites\/10\/2015\/07\/Men\u00fas-home-esp-11.jpg\" alt=\"Men\u00fas home esp-11\" width=\"3000\" height=\"2233\" srcset=\"https:\/\/www.farmaciavila.com\/es\/wp-content\/uploads\/sites\/10\/2015\/07\/Men\u00fas-home-esp-11.jpg 3000w, https:\/\/www.farmaciavila.com\/es\/wp-content\/uploads\/sites\/10\/2015\/07\/Men\u00fas-home-esp-11-300x223.jpg 300w, https:\/\/www.farmaciavila.com\/es\/wp-content\/uploads\/sites\/10\/2015\/07\/Men\u00fas-home-esp-11-1024x762.jpg 1024w, https:\/\/www.farmaciavila.com\/es\/wp-content\/uploads\/sites\/10\/2015\/07\/Men\u00fas-home-esp-11-370x275.jpg 370w, https:\/\/www.farmaciavila.com\/es\/wp-content\/uploads\/sites\/10\/2015\/07\/Men\u00fas-home-esp-11-1200x893.jpg 1200w, https:\/\/www.farmaciavila.com\/es\/wp-content\/uploads\/sites\/10\/2015\/07\/Men\u00fas-home-esp-11-360x267.jpg 360w\" sizes=\"auto, (max-width: 3000px) 100vw, 3000px\" \/><\/a>[\/vc_column_text][\/vc_column][vc_column width=\u00bb1\/3&#8243;][vc_column_text]<a href=\"https:\/\/www.ecoceutics.com\/respuestas-salud\/\"><img loading=\"lazy\" decoding=\"async\" class=\"alignnone size-full wp-image-575\" src=\"http:\/\/www.farmaciavila.com\/es\/wp-content\/uploads\/sites\/10\/2015\/07\/respuestas-de-salud-14.jpg\" alt=\"respuestas de salud-14\" width=\"3000\" height=\"2233\" srcset=\"https:\/\/www.farmaciavila.com\/es\/wp-content\/uploads\/sites\/10\/2015\/07\/respuestas-de-salud-14.jpg 3000w, https:\/\/www.farmaciavila.com\/es\/wp-content\/uploads\/sites\/10\/2015\/07\/respuestas-de-salud-14-300x223.jpg 300w, https:\/\/www.farmaciavila.com\/es\/wp-content\/uploads\/sites\/10\/2015\/07\/respuestas-de-salud-14-1024x762.jpg 1024w, https:\/\/www.farmaciavila.com\/es\/wp-content\/uploads\/sites\/10\/2015\/07\/respuestas-de-salud-14-370x275.jpg 370w, https:\/\/www.farmaciavila.com\/es\/wp-content\/uploads\/sites\/10\/2015\/07\/respuestas-de-salud-14-1200x893.jpg 1200w, https:\/\/www.farmaciavila.com\/es\/wp-content\/uploads\/sites\/10\/2015\/07\/respuestas-de-salud-14-360x267.jpg 360w\" sizes=\"auto, (max-width: 3000px) 100vw, 3000px\" \/><\/a><a href=\"http:\/\/www.farmaciavila.com\/es\/farmacias-de-guardia\/\"><img loading=\"lazy\" decoding=\"async\" class=\"alignnone size-full wp-image-576\" src=\"http:\/\/www.farmaciavila.com\/es\/wp-content\/uploads\/sites\/10\/2015\/07\/Farmacias-de-guardia-viladecans-12.jpg\" alt=\"Farmacias de guardia viladecans-12\" width=\"3000\" height=\"2233\" srcset=\"https:\/\/www.farmaciavila.com\/es\/wp-content\/uploads\/sites\/10\/2015\/07\/Farmacias-de-guardia-viladecans-12.jpg 3000w, https:\/\/www.farmaciavila.com\/es\/wp-content\/uploads\/sites\/10\/2015\/07\/Farmacias-de-guardia-viladecans-12-300x223.jpg 300w, https:\/\/www.farmaciavila.com\/es\/wp-content\/uploads\/sites\/10\/2015\/07\/Farmacias-de-guardia-viladecans-12-1024x762.jpg 1024w, https:\/\/www.farmaciavila.com\/es\/wp-content\/uploads\/sites\/10\/2015\/07\/Farmacias-de-guardia-viladecans-12-370x275.jpg 370w, https:\/\/www.farmaciavila.com\/es\/wp-content\/uploads\/sites\/10\/2015\/07\/Farmacias-de-guardia-viladecans-12-1200x893.jpg 1200w, https:\/\/www.farmaciavila.com\/es\/wp-content\/uploads\/sites\/10\/2015\/07\/Farmacias-de-guardia-viladecans-12-360x267.jpg 360w\" sizes=\"auto, (max-width: 3000px) 100vw, 3000px\" \/><\/a>[\/vc_column_text][\/vc_column][\/vc_row][vc_row has_content=\u00bbtrue\u00bb css=\u00bb.vc_custom_1436349171857{margin-top: 40px !important;margin-bottom: 40px !important;}\u00bb][vc_column width=\u00bb1\/2&#8243;][heading size=\u00bb1&#8243; heading_class=\u00bbcontent_heading\u00bb]<strong>CONTACTA CON NOSOTROS<\/strong>[\/heading][vc_column_text][heading size=\u00bb2&#8243; heading_class=\u00bbcontent_heading\u00bb h_id=\u00bb\u00bb h_class=\u00bb\u00bb]Farmacia Francesc Vil\u00e0 Badia[\/heading]<\/p>\n<p>Avenida Mol\u00ed, 37 \u00b7 08840 Viladecans (Barcelona)<\/p>\n<p>Tel\u00e9fono +34 936 37 69 00<\/p>\n<p>Whatsapp 608 391 791<\/p>\n<p><a href=\"mailto:farmaciafvilabadia@ecoceutics.net\">farmaciafvilabadia@ecoceutics.net<\/a><\/p>\n<p>&nbsp;<\/p>\n<p>[heading size=\u00bb2&#8243;\u00a0heading_class=\u00bbcontent_heading\u00bb h_id=\u00bb\u00bb h_class=\u00bb\u00bb]Horario[\/heading]<\/p>\n<p><strong>Lunes a viernes<\/strong><br \/>\nDe 08.30 a 21.00h<\/p>\n<p><strong>S\u00e1bados<\/strong><br \/>\nDe 08.30 a 14.00h<\/p>\n<p>No cerramos por vacaciones.[\/vc_column_text][\/vc_column][vc_column width=\u00bb1\/2&#8243;]\n<div class=\"wpcf7 no-js\" id=\"wpcf7-f4-o1\" lang=\"ca\" dir=\"ltr\" data-wpcf7-id=\"4\">\n<div class=\"screen-reader-response\"><p role=\"status\" aria-live=\"polite\" aria-atomic=\"true\"><\/p> <ul><\/ul><\/div>\n<form action=\"\/es\/wp-json\/wp\/v2\/pages\/5#wpcf7-f4-o1\" method=\"post\" class=\"wpcf7-form init\" aria-label=\"Formulari de contacte\" novalidate=\"novalidate\" data-status=\"init\">\n<fieldset class=\"hidden-fields-container\"><input type=\"hidden\" name=\"_wpcf7\" value=\"4\" \/><input type=\"hidden\" name=\"_wpcf7_version\" value=\"6.1.5\" \/><input type=\"hidden\" name=\"_wpcf7_locale\" value=\"ca\" \/><input type=\"hidden\" name=\"_wpcf7_unit_tag\" value=\"wpcf7-f4-o1\" \/><input type=\"hidden\" name=\"_wpcf7_container_post\" value=\"0\" \/><input type=\"hidden\" name=\"_wpcf7_posted_data_hash\" value=\"\" \/>\n<\/fieldset>\n<div class=\"columna1\">\n\t<p><span class=\"wpcf7-form-control-wrap\" data-name=\"nomicognoms\"><input size=\"40\" maxlength=\"400\" class=\"wpcf7-form-control wpcf7-text wpcf7-validates-as-required\" aria-required=\"true\" aria-invalid=\"false\" placeholder=\"Nombre y Apellidos *\" value=\"\" type=\"text\" name=\"nomicognoms\" \/><\/span>\n\t<\/p>\n<\/div>\n<div class=\"columna2\">\n\t<p><span class=\"wpcf7-form-control-wrap\" data-name=\"email\"><input size=\"40\" maxlength=\"400\" class=\"wpcf7-form-control wpcf7-text wpcf7-validates-as-required\" aria-required=\"true\" aria-invalid=\"false\" placeholder=\"Correo electr\u00f3nico *\" value=\"\" type=\"text\" name=\"email\" \/><\/span>\n\t<\/p>\n<\/div>\n<div class=\"columna\">\n\t<p><span class=\"wpcf7-form-control-wrap\" data-name=\"comentari\"><textarea cols=\"40\" rows=\"10\" maxlength=\"2000\" class=\"wpcf7-form-control wpcf7-textarea wpcf7-validates-as-required\" aria-required=\"true\" aria-invalid=\"false\" placeholder=\"Comentario *\" name=\"comentari\"><\/textarea><\/span>\n\t<\/p>\n<\/div>\n<div class=\"espai\">\n<\/div>\n<div class=\"avislegal\">\n\t<p><strong>Aviso legal.-<\/strong> En virtud de lo dispuesto en la Llei 15\/1999, de 13 de diciembre, de Protecci\u00f3n de Datos de Car\u00e1cter Personal, le informamos que mediente el relleno y envio del presente formulario todos los datos personales facilitados ser\u00e1n tratados por la farmacia Vil\u00e0, propietaria de esta web, con la \u00fanica finalidad de prestar el servicio solicitado.\n\t<\/p>\n<\/div>\n<div class=\"espai\">\n<\/div>\n<p><span class=\"wpcf7-form-control-wrap\" data-name=\"avislegal\"><span class=\"wpcf7-form-control wpcf7-acceptance\"><span class=\"wpcf7-list-item\"><input type=\"checkbox\" name=\"avislegal\" value=\"1\" aria-invalid=\"false\" \/><\/span><\/span><\/span> He le\u00eddo y acepto el Aviso legal.\n<\/p>\n<div class=\"espai\">\n<\/div>\n<div class=\"espai\">\n<\/div>\n<p><span class=\"asterisc\"><em>* Campos obligatorios.<\/em><\/span>\n<\/p>\n<div class=\"espai\">\n<\/div>\n<p><input class=\"wpcf7-form-control wpcf7-submit has-spinner bt-enviar-formhome\" type=\"submit\" value=\"Enviar\" \/>\n<\/p><div class=\"wpcf7-response-output\" aria-hidden=\"true\"><\/div>\n<\/form>\n<\/div>\n[\/vc_column][\/vc_row][vc_row has_content=\u00bbfalse\u00bb][vc_column width=\u00bb1\/1&#8243;][vc_raw_html]JTNDaWZyYW1lJTIwc3JjJTNEJTIyaHR0cHMlM0ElMkYlMkZ3d3cuZ29vZ2xlLmNvbSUyRm1hcHMlMkZlbWJlZCUzRnBiJTNEJTIxMW0xOCUyMTFtMTIlMjExbTMlMjExZDI2NC44NDcyNTM5MzAzMzU2JTIxMmQyLjAxMDcwNTQ5NTczMTYzNzMlMjEzZDQxLjMyMTgxMzk0MDcyMTgxJTIxMm0zJTIxMWYwJTIxMmYwJTIxM2YwJTIxM20yJTIxMWkxMDI0JTIxMmk3NjglMjE0ZjEzLjElMjEzbTMlMjExbTIlMjExczB4MCUyNTNBMHhmZmRmOWE3ZmUwZTBjNTMyJTIxMnNGYXJtJTI1QzMlMjVBMGNpYSUyNTIwVmlsYSUyMTVlMCUyMTNtMiUyMTFzZXMlMjEyc2VzJTIxNHYxNTc0NzU5NzM0NTA4JTIxNW0yJTIxMXNlcyUyMTJzZXMlMjIlMjB3aWR0aCUzRCUyMjIwMDAlMjIlMjBoZWlnaHQlM0QlMjI0MDAlMjIlMjBmcmFtZWJvcmRlciUzRCUyMjAlMjIlMjBzdHlsZSUzRCUyMmJvcmRlciUzQTAlM0IlMjIlMjBhbGxvd2Z1bGxzY3JlZW4lM0QlMjIlMjIlM0UlM0MlMkZpZnJhbWUlM0U=[\/vc_raw_html][\/vc_column][\/vc_row]<\/p>\n","protected":false},"excerpt":{"rendered":"<p>[vc_row has_content=\u00bbtrue\u00bb css=\u00bb.vc_custom_1436281408427{margin-top: -60px !important;margin-bottom: 0px !important;}\u00bb][vc_column width=\u00bb1\/1&#8243;][rev_slider_vc alias=\u00bbslider-ecoceutics-farmacies\u00bb][\/vc_column][\/vc_row][vc_row has_content=\u00bbinside\u00bb id=\u00bbbanners\u00bb css=\u00bb.vc_custom_1632304688470{background-image: url(http:\/\/www.farmaciavila.com\/es\/wp-content\/uploads\/sites\/10\/2015\/07\/FONS-BLANC.jpg?id=590) !important;}\u00bb][vc_column width=\u00bb1\/3&#8243;][vc_column_text][\/vc_column_text][\/vc_column][vc_column width=\u00bb1\/3&#8243;][vc_column_text][\/vc_column_text][\/vc_column][vc_column width=\u00bb1\/3&#8243;][vc_column_text][\/vc_column_text][\/vc_column][\/vc_row][vc_row has_content=\u00bbtrue\u00bb css=\u00bb.vc_custom_1436349171857{margin-top: 40px !important;margin-bottom: 40px !important;}\u00bb][vc_column width=\u00bb1\/2&#8243;][heading size=\u00bb1&#8243; heading_class=\u00bbcontent_heading\u00bb]CONTACTA CON NOSOTROS[\/heading][vc_column_text][heading size=\u00bb2&#8243; heading_class=\u00bbcontent_heading\u00bb h_id=\u00bb\u00bb h_class=\u00bb\u00bb]Farmacia Francesc Vil\u00e0 Badia[\/heading] Avenida Mol\u00ed, 37 \u00b7 08840&#8230;<\/p>\n","protected":false},"author":1,"featured_media":0,"parent":0,"menu_order":0,"comment_status":"open","ping_status":"open","template":"","meta":{"footnotes":""},"class_list":["post-5","page","type-page","status-publish","hentry"],"_links":{"self":[{"href":"https:\/\/www.farmaciavila.com\/es\/wp-json\/wp\/v2\/pages\/5","targetHints":{"allow":["GET"]}}],"collection":[{"href":"https:\/\/www.farmaciavila.com\/es\/wp-json\/wp\/v2\/pages"}],"about":[{"href":"https:\/\/www.farmaciavila.com\/es\/wp-json\/wp\/v2\/types\/page"}],"author":[{"embeddable":true,"href":"https:\/\/www.farmaciavila.com\/es\/wp-json\/wp\/v2\/users\/1"}],"replies":[{"embeddable":true,"href":"https:\/\/www.farmaciavila.com\/es\/wp-json\/wp\/v2\/comments?post=5"}],"version-history":[{"count":46,"href":"https:\/\/www.farmaciavila.com\/es\/wp-json\/wp\/v2\/pages\/5\/revisions"}],"predecessor-version":[{"id":612,"href":"https:\/\/www.farmaciavila.com\/es\/wp-json\/wp\/v2\/pages\/5\/revisions\/612"}],"wp:attachment":[{"href":"https:\/\/www.farmaciavila.com\/es\/wp-json\/wp\/v2\/media?parent=5"}],"curies":[{"name":"wp","href":"https:\/\/api.w.org\/{rel}","templated":true}]}}